{"id":48,"date":"2025-11-06T20:04:49","date_gmt":"2025-11-06T19:04:49","guid":{"rendered":"https:\/\/kayo-ruhe.com\/de\/?page_id=48"},"modified":"2026-04-05T16:55:21","modified_gmt":"2026-04-05T14:55:21","slug":"top","status":"publish","type":"page","link":"https:\/\/kayo-ruhe.com\/de\/","title":{"rendered":"Top"},"content":{"rendered":"\n<div class=\"swell-block-fullWide pc-py-60 sp-py-40 has-bg-img -parallax alignfull lazyload u-mb-ctrl u-mb-20\" style=\"background-color:rgba(248, 236, 236, 0.5)\" data-bg=\"http:\/\/kayo-ruhe.com\/de\/wp-content\/uploads\/2025\/11\/v1016-a-07-scaled.jpg\"><div class=\"swell-block-fullWide__inner l-article\">\n<div class=\"wp-block-group is-row is-nowrap is-layout-flex wp-container-core-group-is-layout-ad2f72ca wp-block-group-is-layout-flex\">\n<h2 class=\"wp-block-heading has-text-align-left is-style-section_ttl\">Was ist die <br>Ostasiatische Schicksalsanalyse?<\/h2>\n\n\n\n<p class=\"has-text-align-left u-mb-ctrl u-mb-10\" style=\"font-size:1em\">Die Sanmeigaku (\u7b97\u547d\u5b66) ist eine jahrtausendealte Naturphilosophie aus Ostasien.<br>Sie analysiert Strukturen von Mensch, Organisation und Zeit auf Basis von Yin und Yang sowie den f\u00fcnf Elementen.<br>Ziel ist es, individuelle Potenziale, Dynamiken und den richtigen Zeitpunkt f\u00fcr Entscheidungen zu erkennen.<\/p>\n<\/div>\n\n\n\n<div class=\"swell-block-button -size-custom is-style-btn_line\"><a href=\"\" class=\"swell-block-button__link\"><span>Mehr erfahren<\/span><\/a><\/div>\n<\/div><\/div>\n\n\n\n<div class=\"wp-block-columns shadow_on u-mb-ctrl u-mb-30\">\n<div class=\"wp-block-column has-background\" style=\"background-color:#95919126\">\n<div class=\"swell-block-bannerLink\"><a href=\"https:\/\/kayo-ruhe.com\/de\/privatpersonen\/\" class=\"c-bannerLink\"><figure class=\"c-bannerLink__figure\"><img decoding=\"async\" width=\"1343\" height=\"1343\" src=\"http:\/\/kayo-ruhe.com\/de\/wp-content\/uploads\/2026\/03\/\u4eba\u306e\u904b\u547d-1343-\u6b63\u65b9\u5f62.jpg\" class=\"c-bannerLink__img wp-image-424\" alt=\"\" srcset=\"https:\/\/kayo-ruhe.com\/de\/wp-content\/uploads\/2026\/03\/\u4eba\u306e\u904b\u547d-1343-\u6b63\u65b9\u5f62.jpg 1343w, https:\/\/kayo-ruhe.com\/de\/wp-content\/uploads\/2026\/03\/\u4eba\u306e\u904b\u547d-1343-\u6b63\u65b9\u5f62-300x300.jpg 300w, https:\/\/kayo-ruhe.com\/de\/wp-content\/uploads\/2026\/03\/\u4eba\u306e\u904b\u547d-1343-\u6b63\u65b9\u5f62-1024x1024.jpg 1024w, https:\/\/kayo-ruhe.com\/de\/wp-content\/uploads\/2026\/03\/\u4eba\u306e\u904b\u547d-1343-\u6b63\u65b9\u5f62-150x150.jpg 150w, https:\/\/kayo-ruhe.com\/de\/wp-content\/uploads\/2026\/03\/\u4eba\u306e\u904b\u547d-1343-\u6b63\u65b9\u5f62-768x768.jpg 768w\" sizes=\"(max-width: 1343px) 100vw, 1343px\" \/><\/figure><div class=\"c-bannerLink__text\"><div class=\"c-bannerLink__title\"><strong>Privatpersonen:<\/strong><\/div><div class=\"c-bannerLink__description\"><strong>Pers\u00f6nliche Analyse<\/strong><\/div><\/div><\/a><\/div>\n<\/div>\n\n\n\n<div class=\"wp-block-column has-background\" style=\"background-color:#95919126\">\n<div class=\"swell-block-bannerLink\"><a href=\"https:\/\/kayo-ruhe.com\/de\/unternehmen\/\" class=\"c-bannerLink -shadow-on\" style=\"color:#000;background-color:rgba(255, 255, 255, 0.39)\"><figure class=\"c-bannerLink__figure\"><img decoding=\"async\" width=\"1343\" height=\"1344\" src=\"http:\/\/kayo-ruhe.com\/de\/wp-content\/uploads\/2026\/03\/\u4f01\u696d3-Freepik-\u6b63\u65b9\u5f62PNG.png\" class=\"c-bannerLink__img wp-image-236\" alt=\"\" srcset=\"https:\/\/kayo-ruhe.com\/de\/wp-content\/uploads\/2026\/03\/\u4f01\u696d3-Freepik-\u6b63\u65b9\u5f62PNG.png 1343w, https:\/\/kayo-ruhe.com\/de\/wp-content\/uploads\/2026\/03\/\u4f01\u696d3-Freepik-\u6b63\u65b9\u5f62PNG-300x300.png 300w, https:\/\/kayo-ruhe.com\/de\/wp-content\/uploads\/2026\/03\/\u4f01\u696d3-Freepik-\u6b63\u65b9\u5f62PNG-1024x1024.png 1024w, https:\/\/kayo-ruhe.com\/de\/wp-content\/uploads\/2026\/03\/\u4f01\u696d3-Freepik-\u6b63\u65b9\u5f62PNG-150x150.png 150w, https:\/\/kayo-ruhe.com\/de\/wp-content\/uploads\/2026\/03\/\u4f01\u696d3-Freepik-\u6b63\u65b9\u5f62PNG-768x769.png 768w\" sizes=\"(max-width: 1343px) 100vw, 1343px\" \/><\/figure><div class=\"c-bannerLink__text\" style=\"color:#000\"><div class=\"c-bannerLink__title\"><strong>Unternehmen<\/strong><\/div><div class=\"c-bannerLink__description\">Organisationsanalyse<\/div><\/div><\/a><\/div>\n<\/div>\n<\/div>\n\n\n\n<div class=\"swell-block-fullWide pc-py-40 sp-py-0 alignfull u-mb-ctrl u-mb-40\" style=\"color:#000;background-color:#fbf7f7\"><div class=\"swell-block-fullWide__SVG -top -bg\" role=\"presentation\" style=\"height:2.4vw;background-image:url('data:image\/svg+xml;charset=UTF-8,<svg xmlns=&quot;http:\/\/www.w3.org\/2000\/svg&quot; viewBox=&quot;0 0 100 10&quot; preserveAspectRatio=&quot;none&quot;&gt;<path fill=&quot;%23fbf7f7&quot; d=&quot;M100,5.58c-0.05-0.01-0.1-0.03-0.15-0.04C93.74,3.8,87.42,2,75,2S56.26,3.8,50.15,5.53 C43.97,7.29,37.58,9.11,25,9.11c-12.48,0-18.86-1.79-25-3.53V10h75h25V5.58z&quot; \/&gt;<\/svg&gt;')\"><\/div><div class=\"swell-block-fullWide__inner l-container\">\n<div class=\"wp-block-columns border_gray\">\n<div class=\"wp-block-column\">\n<h3 class=\"wp-block-heading has-text-align-left is-style-default\">Naturphilosophie<\/h3>\n\n\n\n<p class=\"has-text-align-left\">Mensch und Kosmos verstehen<\/p>\n<\/div>\n\n\n\n<div class=\"wp-block-column\">\n<h3 class=\"wp-block-heading\">Individuelle Analyse<\/h3>\n\n\n\n<p class=\"has-text-align-left\">Ihre pers\u00f6nliche Lebensstruktur verstehen<\/p>\n<\/div>\n\n\n\n<div class=\"wp-block-column\">\n<h3 class=\"wp-block-heading\">Strategische Orientierung<\/h3>\n\n\n\n<p class=\"has-text-align-left\">Bessere Entscheidungen im richtigen Zeitpunkt<br><\/p>\n<\/div>\n<\/div>\n<\/div><div class=\"swell-block-fullWide__SVG -bottom -bg\" role=\"presentation\" style=\"height:2.4vw;background-image:url('data:image\/svg+xml;charset=UTF-8,<svg xmlns=&quot;http:\/\/www.w3.org\/2000\/svg&quot; viewBox=&quot;0 0 100 10&quot; preserveAspectRatio=&quot;none&quot;&gt;<path fill=&quot;%23fbf7f7&quot; d=&quot;M0,4.42c0.05,0.01,0.1,0.03,0.15,0.04C6.26,6.2,12.58,8,25,8s18.74-1.8,24.85-3.53 C56.03,2.71,62.42,0.89,75,0.89c12.48,0,18.86,1.79,25,3.53V0H25H0V4.42z&quot; \/&gt;<\/svg&gt;')\"><\/div><\/div>\n\n\n\n<h2 class=\"wp-block-heading u-mb-ctrl u-mb-15\">Journal<\/h2>\n\n\n<div class=\"p-postListWrap u-mb-ctrl u-mb-20\"><ul class=\"p-postList -type-card -pc-col3 -sp-col1\"><li class=\"p-postList__item\">\n\t<a href=\"https:\/\/kayo-ruhe.com\/de\/2025\/11\/07\/test\/\" class=\"p-postList__link\">\n\t\t<div class=\"p-postList__thumb c-postThumb noimg_\">\n\t<figure class=\"c-postThumb__figure\">\n\t\t<img decoding=\"async\" width=\"1024\" height=\"576\"  src=\"https:\/\/kayo-ruhe.com\/de\/wp-content\/uploads\/2025\/11\/see-1024x576.jpg\" alt=\"\" class=\"c-postThumb__img u-obf-cover\" srcset=\"https:\/\/kayo-ruhe.com\/de\/wp-content\/uploads\/2025\/11\/see-1024x576.jpg 1024w, https:\/\/kayo-ruhe.com\/de\/wp-content\/uploads\/2025\/11\/see-300x169.jpg 300w, https:\/\/kayo-ruhe.com\/de\/wp-content\/uploads\/2025\/11\/see-768x432.jpg 768w, https:\/\/kayo-ruhe.com\/de\/wp-content\/uploads\/2025\/11\/see-1536x864.jpg 1536w, https:\/\/kayo-ruhe.com\/de\/wp-content\/uploads\/2025\/11\/see.jpg 1600w\" sizes=\"auto, (min-width: 960px) 400px, 100vw\" loading=\"lazy\" >\t<\/figure>\n\t\t\t<span class=\"c-postThumb__cat icon-folder\" data-cat-id=\"1\">Allgemein<\/span>\n\t<\/div>\n\t\t\t\t\t<div class=\"p-postList__body\">\n\t\t\t\t<h3 class=\"p-postList__title\">Test<\/h3>\t\t\t\t\t\t\t\t\t<div class=\"p-postList__excerpt\">\n\t\t\t\t\t\tTest\u898b\u51fa\u3057 \u6587\u7ae0\t\t\t\t\t<\/div>\n\t\t\t\t\t\t\t\t<div class=\"p-postList__meta\">\n\t\t\t\t\t<div class=\"p-postList__times c-postTimes u-thin\">\n\t<time class=\"c-postTimes__posted icon-posted\" datetime=\"2025-11-07\" aria-label=\"\u516c\u958b\u65e5\">07.11.2025<\/time><\/div>\n\t\t\t\t<\/div>\n\t\t\t<\/div>\n\t\t\t<\/a>\n<\/li>\n<\/ul><\/div>\n\n\n<div class=\"swell-block-fullWide pc-py-40 sp-py-0 alignfull u-mb-ctrl u-mb-25\" style=\"color:#000;background-color:#fbf7f7\"><div class=\"swell-block-fullWide__SVG -top -bg\" role=\"presentation\" style=\"height:2.4vw;background-image:url('data:image\/svg+xml;charset=UTF-8,<svg xmlns=&quot;http:\/\/www.w3.org\/2000\/svg&quot; viewBox=&quot;0 0 100 10&quot; preserveAspectRatio=&quot;none&quot;&gt;<path fill=&quot;%23fbf7f7&quot; d=&quot;M100,5.58c-0.05-0.01-0.1-0.03-0.15-0.04C93.74,3.8,87.42,2,75,2S56.26,3.8,50.15,5.53 C43.97,7.29,37.58,9.11,25,9.11c-12.48,0-18.86-1.79-25-3.53V10h75h25V5.58z&quot; \/&gt;<\/svg&gt;')\"><\/div><div class=\"swell-block-fullWide__inner l-container\">\n<div class=\"wp-block-columns\">\n<div class=\"wp-block-column\">\n<h2 class=\"wp-block-heading is-style-default has-huge-font-size\">Mein Angebot<\/h2>\n<\/div>\n<\/div>\n\n\n\n<div class=\"swell-block-columns is-style-clmn-border\" style=\"--clmn-w--pc:33.33%;--clmn-w--tab:100%\"><div class=\"swell-block-columns__inner\">\n<div class=\"swell-block-column swl-has-mb--s\">\n<h3 class=\"wp-block-heading u-mb-ctrl u-mb-5 has-large-font-size\">Visualisierung deiner Bestimmung<\/h3>\n\n\n\n<p class=\"u-mb-ctrl u-mb-15 has-small-font-size\">Ihr pers\u00f6nliches Schicksal: Yin-Yang &amp; F\u00fcnf Elemente als Video. 1-Minuten-Visualisierung inkl. Kurzerl\u00e4uterung.<\/p>\n\n\n\n<div class=\"swell-block-button -size-s is-style-btn_line\" style=\"--the-fz:0.8em;--the-icon-size:0.5em\" data-id=\"b2dc50c6\"><a href=\"https:\/\/kayo-ruhe.com\/de\/lp\/visualisierung-deiner-bestimmung\/\" class=\"swell-block-button__link\"><span>Mehr erfahren<\/span><\/a><\/div>\n<\/div>\n\n\n\n<div class=\"swell-block-column swl-has-mb--s\">\n<h3 class=\"wp-block-heading is-style-default has-large-font-size\"><\/h3>\n\n\n\n\n<\/div>\n\n\n\n<div class=\"swell-block-column swl-has-mb--s\">\n<div class=\"wp-block-group\"><div class=\"wp-block-group__inner-container is-layout-constrained wp-block-group-is-layout-constrained\">\n<h3 class=\"wp-block-heading has-large-font-size\"><\/h3>\n\n\n\n\n<\/div><\/div>\n<\/div>\n<\/div><\/div>\n<\/div><div class=\"swell-block-fullWide__SVG -bottom -bg\" role=\"presentation\" style=\"height:2.4vw;background-image:url('data:image\/svg+xml;charset=UTF-8,<svg xmlns=&quot;http:\/\/www.w3.org\/2000\/svg&quot; viewBox=&quot;0 0 100 10&quot; preserveAspectRatio=&quot;none&quot;&gt;<path fill=&quot;%23fbf7f7&quot; d=&quot;M0,4.42c0.05,0.01,0.1,0.03,0.15,0.04C6.26,6.2,12.58,8,25,8s18.74-1.8,24.85-3.53 C56.03,2.71,62.42,0.89,75,0.89c12.48,0,18.86,1.79,25,3.53V0H25H0V4.42z&quot; \/&gt;<\/svg&gt;')\"><\/div><\/div>\n","protected":false},"excerpt":{"rendered":"<p>Journal<\/p>\n","protected":false},"author":1,"featured_media":13,"parent":0,"menu_order":0,"comment_status":"closed","ping_status":"closed","template":"","meta":{"swell_btn_cv_data":"{\"b2dc50c6\":{\"pv\":36,\"imp\":4}}","footnotes":""},"class_list":["post-48","page","type-page","status-publish","has-post-thumbnail","hentry"],"_links":{"self":[{"href":"https:\/\/kayo-ruhe.com\/de\/wp-json\/wp\/v2\/pages\/48","targetHints":{"allow":["GET"]}}],"collection":[{"href":"https:\/\/kayo-ruhe.com\/de\/wp-json\/wp\/v2\/pages"}],"about":[{"href":"https:\/\/kayo-ruhe.com\/de\/wp-json\/wp\/v2\/types\/page"}],"author":[{"embeddable":true,"href":"https:\/\/kayo-ruhe.com\/de\/wp-json\/wp\/v2\/users\/1"}],"replies":[{"embeddable":true,"href":"https:\/\/kayo-ruhe.com\/de\/wp-json\/wp\/v2\/comments?post=48"}],"version-history":[{"count":82,"href":"https:\/\/kayo-ruhe.com\/de\/wp-json\/wp\/v2\/pages\/48\/revisions"}],"predecessor-version":[{"id":554,"href":"https:\/\/kayo-ruhe.com\/de\/wp-json\/wp\/v2\/pages\/48\/revisions\/554"}],"wp:featuredmedia":[{"embeddable":true,"href":"https:\/\/kayo-ruhe.com\/de\/wp-json\/wp\/v2\/media\/13"}],"wp:attachment":[{"href":"https:\/\/kayo-ruhe.com\/de\/wp-json\/wp\/v2\/media?parent=48"}],"curies":[{"name":"wp","href":"https:\/\/api.w.org\/{rel}","templated":true}]}}