{"id":18,"date":"2025-11-06T17:30:44","date_gmt":"2025-11-06T16:30:44","guid":{"rendered":"https:\/\/kayo-ruhe.com\/de\/?page_id=18"},"modified":"2025-11-06T17:35:44","modified_gmt":"2025-11-06T16:35:44","slug":"naturbilder-von-deiner-lebensformel","status":"publish","type":"page","link":"https:\/\/kayo-ruhe.com\/de\/naturbilder-von-deiner-lebensformel\/","title":{"rendered":"Naturbilder von deiner Lebensformel"},"content":{"rendered":"\n<p>Dein Geburtsdatum, dargestellt mit den f\u00fcnf Elementen der Natur, kann in eine nat\u00fcrliche Landschaft verwandelt werden. Haben Sie Interesse daran? Ich erstelle es f\u00fcr Sie und sende es Ihnen zu.\u00a0Ich biete zwei Werke f\u00fcr 50 Euro an.<\/p>\n\n\n\n\n\n\n\n\n","protected":false},"excerpt":{"rendered":"<p>Dein Geburtsdatum, dargestellt mit den f\u00fcnf Elementen der Natur, kann in eine nat\u00fcrliche Landschaft verwandelt [&hellip;]<\/p>\n","protected":false},"author":1,"featured_media":19,"parent":0,"menu_order":0,"comment_status":"closed","ping_status":"closed","template":"","meta":{"swell_btn_cv_data":"","footnotes":""},"class_list":["post-18","page","type-page","status-publish","has-post-thumbnail","hentry"],"_links":{"self":[{"href":"https:\/\/kayo-ruhe.com\/de\/wp-json\/wp\/v2\/pages\/18","targetHints":{"allow":["GET"]}}],"collection":[{"href":"https:\/\/kayo-ruhe.com\/de\/wp-json\/wp\/v2\/pages"}],"about":[{"href":"https:\/\/kayo-ruhe.com\/de\/wp-json\/wp\/v2\/types\/page"}],"author":[{"embeddable":true,"href":"https:\/\/kayo-ruhe.com\/de\/wp-json\/wp\/v2\/users\/1"}],"replies":[{"embeddable":true,"href":"https:\/\/kayo-ruhe.com\/de\/wp-json\/wp\/v2\/comments?post=18"}],"version-history":[{"count":1,"href":"https:\/\/kayo-ruhe.com\/de\/wp-json\/wp\/v2\/pages\/18\/revisions"}],"predecessor-version":[{"id":20,"href":"https:\/\/kayo-ruhe.com\/de\/wp-json\/wp\/v2\/pages\/18\/revisions\/20"}],"wp:featuredmedia":[{"embeddable":true,"href":"https:\/\/kayo-ruhe.com\/de\/wp-json\/wp\/v2\/media\/19"}],"wp:attachment":[{"href":"https:\/\/kayo-ruhe.com\/de\/wp-json\/wp\/v2\/media?parent=18"}],"curies":[{"name":"wp","href":"https:\/\/api.w.org\/{rel}","templated":true}]}}