{"id":147,"date":"2026-03-16T15:51:12","date_gmt":"2026-03-16T14:51:12","guid":{"rendered":"https:\/\/kayo-ruhe.com\/de\/?page_id=147"},"modified":"2026-03-20T16:34:41","modified_gmt":"2026-03-20T15:34:41","slug":"datenschutz-privacy-policy","status":"publish","type":"page","link":"https:\/\/kayo-ruhe.com\/de\/datenschutz-privacy-policy\/","title":{"rendered":"Datenschutz"},"content":{"rendered":"\n<p id=\"p-rc_7724bc0194a8424c-19\"><strong>1. Datenschutz auf einen Blick<\/strong> <strong>Allgemeine Hinweise<\/strong> Die folgenden Hinweise geben einen einfachen \u00dcberblick dar\u00fcber, was mit Ihren personenbezogenen Daten passiert, wenn Sie diese Website besuchen. Personenbezogene Daten sind alle Daten, mit denen Sie pers\u00f6nlich identifiziert werden k\u00f6nn<sup><\/sup>en.<\/p>\n\n\n\n<p id=\"p-rc_7724bc0194a8424c-20\"><strong>2. Datenerfassung auf unserer Website<\/strong> <strong>Wer ist verantwortlich f\u00fcr die Datenerfassung auf dieser Website?<\/strong> Die Datenverarbeitung auf dieser Website erfolgt durch den Websitebetreiber. Dessen Kontaktdaten k\u00f6nnen Sie dem Impressum dieser Website entnehmen.<sup><\/sup><\/p>\n\n\n\n<p id=\"p-rc_7724bc0194a8424c-21\"><strong>Wie erfassen wir Ihre Daten?<sup><\/sup><\/strong> Ihre Daten werden zum einen dadurch erhoben, dass Sie uns diese mitteilen. H<sup><\/sup>ierbei kann es sich z. B. um Daten handeln, die Sie in ein Kontaktformular eingeben. Andere Daten werden automatisch beim Besuch der Website durch unsere IT-Systeme erfasst (<sup><\/sup>z. B. Internetbrowser, Betriebssystem oder Uhrzeit des Seitenaufrufs).<\/p>\n\n\n\n<p><strong>Wof\u00fcr nutzen wir Ihre Daten?<\/strong> Ein Teil der Daten wird erhoben, um eine fehlerfreie Bereitstellung der Website zu gew\u00e4hrleisten. Andere Daten k\u00f6nnen zur Analyse Ihres Nutzerverhaltens verwendet werden.<\/p>\n\n\n\n<p><strong>3. Ihre Rechte<\/strong> Sie haben jederzeit das Recht, unentgeltlich Auskunft \u00fcber Herkunft, Empf\u00e4nger und Zweck Ihrer gespeicherten personenbezogenen Daten zu erhalten. Sie haben au\u00dferdem ein Recht, die Berichtigung oder L\u00f6schung dieser Daten zu verlangen.<\/p>\n","protected":false},"excerpt":{"rendered":"<p>1. Datenschutz auf einen Blick Allgemeine Hinweise Die folgenden Hinweise geben einen einfachen \u00dcberblick dar\u00fc [&hellip;]<\/p>\n","protected":false},"author":1,"featured_media":440,"parent":0,"menu_order":0,"comment_status":"closed","ping_status":"closed","template":"","meta":{"swell_btn_cv_data":"","footnotes":""},"class_list":["post-147","page","type-page","status-publish","has-post-thumbnail","hentry"],"_links":{"self":[{"href":"https:\/\/kayo-ruhe.com\/de\/wp-json\/wp\/v2\/pages\/147","targetHints":{"allow":["GET"]}}],"collection":[{"href":"https:\/\/kayo-ruhe.com\/de\/wp-json\/wp\/v2\/pages"}],"about":[{"href":"https:\/\/kayo-ruhe.com\/de\/wp-json\/wp\/v2\/types\/page"}],"author":[{"embeddable":true,"href":"https:\/\/kayo-ruhe.com\/de\/wp-json\/wp\/v2\/users\/1"}],"replies":[{"embeddable":true,"href":"https:\/\/kayo-ruhe.com\/de\/wp-json\/wp\/v2\/comments?post=147"}],"version-history":[{"count":2,"href":"https:\/\/kayo-ruhe.com\/de\/wp-json\/wp\/v2\/pages\/147\/revisions"}],"predecessor-version":[{"id":150,"href":"https:\/\/kayo-ruhe.com\/de\/wp-json\/wp\/v2\/pages\/147\/revisions\/150"}],"wp:featuredmedia":[{"embeddable":true,"href":"https:\/\/kayo-ruhe.com\/de\/wp-json\/wp\/v2\/media\/440"}],"wp:attachment":[{"href":"https:\/\/kayo-ruhe.com\/de\/wp-json\/wp\/v2\/media?parent=147"}],"curies":[{"name":"wp","href":"https:\/\/api.w.org\/{rel}","templated":true}]}}